{"id":14724,"date":"2018-10-24T12:24:39","date_gmt":"2018-10-24T10:24:39","guid":{"rendered":"https:\/\/columbus.test-sites.fr\/privacy-policy\/"},"modified":"2023-11-27T18:35:20","modified_gmt":"2023-11-27T16:35:20","slug":"politica-privacy","status":"publish","type":"page","link":"https:\/\/columbusmonaco.columbushotels.com\/it\/politica-privacy\/","title":{"rendered":"Politica sulla privacy"},"content":{"rendered":"<div id=\"pl-14724\"  class=\"panel-layout\" ><div id=\"pg-14724-0\"  class=\"panel-grid panel-no-style\" ><div id=\"pgc-14724-0-0\"  class=\"panel-grid-cell\" ><div id=\"panel-14724-0-0-0\" class=\"so-panel widget widget_sow-editor panel-first-child panel-last-child\" data-index=\"0\" ><div\n\t\t\t\n\t\t\tclass=\"so-widget-sow-editor so-widget-sow-editor-base\"\n\t\t\t\n\t\t>\n<div class=\"siteorigin-widget-tinymce textwidget\">\n\t<p style=\"text-align: center;\">Data di entrata in vigore: 22 maggio 2018, ultimo aggiornamento 12\/12 2022<\/p>\n<p>&nbsp;<\/p>\n<p style=\"text-align: center;\"><span style=\"color: #c28111;\">COMUNICAZIONE DI TRASFERIMENTO DEL TRATTAMENTO DEI DATI PERSONALI<\/span><\/p>\n<p style=\"text-align: center;\"><strong>Soci\u00e9t\u00e9 Mon\u00e9gasque d\u2019H\u00f4tellerie SAM \u2013 23 avenue des Papalins, Columbus H\u00f4tel \u2013 98000 MONACO<\/strong><\/p>\n<p style=\"text-align: center;\">In conformit\u00e0 alla normativa vigente in materia di dati personali, in particolare la legge n. 1.165, desideriamo informarvi, nella nostra qualit\u00e0 di titolari del trattamento dei dati personali per la finalit\u00e0 di \"gestione dei dati del cliente\", che i vostri dati saranno trasferiti al nuovo operatore dell'hotel-ristorante COLUMBUS MONTE-CARLO, la societ\u00e0 <strong>SAM MOCANA<\/strong>, regolarmente registrata nel r\u00e9pertoire du commerce et de l\u2019industrie con il numero 22S09353, con sede in 23 avenue des Papalins a Monaco, rappresentata regolarmente dal suo <strong>Direttore G\u00e9rard BERTOUT<\/strong>.<\/p>\n<p style=\"text-align: center;\">Questo trasferimento avverr\u00e0 il 15 dicembre 2022, nell'ambito della vendita dell'attivit\u00e0, al termine della quale l'hotel-ristorante COLUMBUS MONTE-CARLO, situato in 23 rue des Papalins a Monaco, sar\u00e0 gestito dalla societ\u00e0 SAM MOCANA.<\/p>\n<p style=\"text-align: center;\">Vi ricordiamo che, in applicazione della legge n. 1.165, avete il diritto di opporvi al trasferimento dei vostri dati, il diritto di accesso e il diritto di rettificare le informazioni che vi riguardano.<\/p>\n<p style=\"text-align: center;\">Per verificare la regolarit\u00e0 del trattamento dei vostri dati personali, potete contattare il CCIN all'indirizzo seguente:<\/p>\n<p style=\"text-align: center;\">\u00ab Le Suffren \u00bb Blocco B, 4\u00ba piano, 7, rue Suffren Reymond 98000 - Monaco | Tel: (+377).97.70.22.44<\/p>\n<p style=\"text-align: center;\">\n<div class=\"lien_reservation\" style=\"text-align: center;\"><a href=\"https:\/\/www.hilton.com\/it\/p\/global-privacy-statement\/\" target=\"_blank\" rel=\"noopener noreferrer\">leggi di pi\u00f9 sulla INFORMATIVA GLOBALE SULLA PRIVACY DI HILTON<\/a><\/div>\n<\/p>\n<p>&nbsp;<\/p>\n<\/div>\n<\/div><\/div><\/div><\/div><\/div>","protected":false},"excerpt":{"rendered":"<p>Data di entrata in vigore: 22 maggio 2018, ultimo aggiornamento 12\/12 2022 &nbsp; COMUNICAZIONE DI TRASFERIMENTO DEL TRATTAMENTO DEI DATI PERSONALI Soci\u00e9t\u00e9 Mon\u00e9gasque d\u2019H\u00f4tellerie SAM \u2013 23 avenue des [&hellip;]<\/p>\n","protected":false},"author":4,"featured_media":0,"parent":0,"menu_order":52,"comment_status":"closed","ping_status":"closed","template":"","meta":{"footnotes":""},"class_list":["post-14724","page","type-page","status-publish","hentry"],"yoast_head":"<!-- This site is optimized with the Yoast SEO plugin v27.3 - https:\/\/yoast.com\/product\/yoast-seo-wordpress\/ -->\n<title>Politica sulla privacy - Columbus Monte-Carlo<\/title>\n<meta name=\"robots\" content=\"index, follow, max-snippet:-1, max-image-preview:large, max-video-preview:-1\" \/>\n<link rel=\"canonical\" href=\"https:\/\/columbusmonaco.columbushotels.com\/it\/politica-privacy\/\" \/>\n<meta property=\"og:locale\" content=\"it_IT\" \/>\n<meta property=\"og:type\" content=\"article\" \/>\n<meta property=\"og:title\" content=\"Politica sulla privacy - Columbus Monte-Carlo\" \/>\n<meta property=\"og:description\" content=\"Data di entrata in vigore: 22 maggio 2018, ultimo aggiornamento 12\/12 2022 &nbsp; COMUNICAZIONE DI TRASFERIMENTO DEL TRATTAMENTO DEI DATI PERSONALI Soci\u00e9t\u00e9 Mon\u00e9gasque d\u2019H\u00f4tellerie SAM \u2013 23 avenue des [&hellip;]\" \/>\n<meta property=\"og:url\" content=\"https:\/\/columbusmonaco.columbushotels.com\/it\/politica-privacy\/\" \/>\n<meta property=\"og:site_name\" content=\"Columbus Monte-Carlo\" \/>\n<meta property=\"article:publisher\" content=\"https:\/\/www.facebook.com\/ColumbusMonteCarlo\" \/>\n<meta property=\"article:modified_time\" content=\"2023-11-27T16:35:20+00:00\" \/>\n<meta name=\"twitter:label1\" content=\"Tempo di lettura stimato\" \/>\n\t<meta name=\"twitter:data1\" content=\"1 minuto\" \/>\n<!-- \/ Yoast SEO plugin. -->","yoast_head_json":{"title":"Politica sulla privacy - Columbus Monte-Carlo","robots":{"index":"index","follow":"follow","max-snippet":"max-snippet:-1","max-image-preview":"max-image-preview:large","max-video-preview":"max-video-preview:-1"},"canonical":"https:\/\/columbusmonaco.columbushotels.com\/it\/politica-privacy\/","og_locale":"it_IT","og_type":"article","og_title":"Politica sulla privacy - Columbus Monte-Carlo","og_description":"Data di entrata in vigore: 22 maggio 2018, ultimo aggiornamento 12\/12 2022 &nbsp; COMUNICAZIONE DI TRASFERIMENTO DEL TRATTAMENTO DEI DATI PERSONALI Soci\u00e9t\u00e9 Mon\u00e9gasque d\u2019H\u00f4tellerie SAM \u2013 23 avenue des [&hellip;]","og_url":"https:\/\/columbusmonaco.columbushotels.com\/it\/politica-privacy\/","og_site_name":"Columbus Monte-Carlo","article_publisher":"https:\/\/www.facebook.com\/ColumbusMonteCarlo","article_modified_time":"2023-11-27T16:35:20+00:00","twitter_misc":{"Tempo di lettura stimato":"1 minuto"},"schema":{"@context":"https:\/\/schema.org","@graph":[{"@type":"WebPage","@id":"https:\/\/columbusmonaco.columbushotels.com\/it\/politica-privacy\/","url":"https:\/\/columbusmonaco.columbushotels.com\/it\/politica-privacy\/","name":"Politica sulla privacy - Columbus Monte-Carlo","isPartOf":{"@id":"https:\/\/www.columbushotels.com\/#website"},"datePublished":"2018-10-24T10:24:39+00:00","dateModified":"2023-11-27T16:35:20+00:00","breadcrumb":{"@id":"https:\/\/columbusmonaco.columbushotels.com\/it\/politica-privacy\/#breadcrumb"},"inLanguage":"it-IT","potentialAction":[{"@type":"ReadAction","target":["https:\/\/columbusmonaco.columbushotels.com\/it\/politica-privacy\/"]}]},{"@type":"BreadcrumbList","@id":"https:\/\/columbusmonaco.columbushotels.com\/it\/politica-privacy\/#breadcrumb","itemListElement":[{"@type":"ListItem","position":1,"name":"Accueil","item":"https:\/\/columbusmonaco.columbushotels.com\/it\/"},{"@type":"ListItem","position":2,"name":"Politica sulla privacy"}]},{"@type":"WebSite","@id":"https:\/\/www.columbushotels.com\/#website","url":"https:\/\/www.columbushotels.com\/","name":"Columbus Monte-Carlo","description":"","publisher":{"@id":"https:\/\/www.columbushotels.com\/#organization"},"potentialAction":[{"@type":"SearchAction","target":{"@type":"EntryPoint","urlTemplate":"https:\/\/www.columbushotels.com\/?s={search_term_string}"},"query-input":{"@type":"PropertyValueSpecification","valueRequired":true,"valueName":"search_term_string"}}],"inLanguage":"it-IT"},{"@type":"Organization","@id":"https:\/\/www.columbushotels.com\/#organization","name":"Columbus Monte-Carlo","url":"https:\/\/www.columbushotels.com\/","logo":{"@type":"ImageObject","inLanguage":"it-IT","@id":"https:\/\/www.columbushotels.com\/#\/schema\/logo\/image\/","url":"https:\/\/www.columbushotels.com\/wp-content\/uploads\/icon-tablette.png","contentUrl":"https:\/\/www.columbushotels.com\/wp-content\/uploads\/icon-tablette.png","width":144,"height":144,"caption":"Columbus Monte-Carlo"},"image":{"@id":"https:\/\/www.columbushotels.com\/#\/schema\/logo\/image\/"},"sameAs":["https:\/\/www.facebook.com\/ColumbusMonteCarlo","https:\/\/x.com\/ColumbusMC","https:\/\/www.instagram.com\/columbusmchotel","https:\/\/www.linkedin.com\/company\/1316137"]}]}},"_links":{"self":[{"href":"https:\/\/columbusmonaco.columbushotels.com\/it\/wp-json\/wp\/v2\/pages\/14724","targetHints":{"allow":["GET"]}}],"collection":[{"href":"https:\/\/columbusmonaco.columbushotels.com\/it\/wp-json\/wp\/v2\/pages"}],"about":[{"href":"https:\/\/columbusmonaco.columbushotels.com\/it\/wp-json\/wp\/v2\/types\/page"}],"author":[{"embeddable":true,"href":"https:\/\/columbusmonaco.columbushotels.com\/it\/wp-json\/wp\/v2\/users\/4"}],"replies":[{"embeddable":true,"href":"https:\/\/columbusmonaco.columbushotels.com\/it\/wp-json\/wp\/v2\/comments?post=14724"}],"version-history":[{"count":5,"href":"https:\/\/columbusmonaco.columbushotels.com\/it\/wp-json\/wp\/v2\/pages\/14724\/revisions"}],"predecessor-version":[{"id":38863,"href":"https:\/\/columbusmonaco.columbushotels.com\/it\/wp-json\/wp\/v2\/pages\/14724\/revisions\/38863"}],"wp:attachment":[{"href":"https:\/\/columbusmonaco.columbushotels.com\/it\/wp-json\/wp\/v2\/media?parent=14724"}],"curies":[{"name":"wp","href":"https:\/\/api.w.org\/{rel}","templated":true}]}}