{"id":14125,"date":"2018-06-04T15:45:04","date_gmt":"2018-06-04T13:45:04","guid":{"rendered":"https:\/\/columbus.test-sites.fr\/restauration\/"},"modified":"2026-02-26T18:33:49","modified_gmt":"2026-02-26T16:33:49","slug":"ristoranti-monaco","status":"publish","type":"page","link":"https:\/\/columbusmonaco.columbushotels.com\/it\/ristoranti-monaco\/","title":{"rendered":"Pranzo &#038; Divertimento"},"content":{"rendered":"<div id=\"pl-14125\"  class=\"panel-layout\" ><div id=\"pg-14125-0\"  class=\"panel-grid panel-no-style\" ><div id=\"pgc-14125-0-0\"  class=\"panel-grid-cell\" ><div id=\"panel-14125-0-0-0\" class=\"so-panel widget widget_sow-editor panel-first-child panel-last-child\" data-index=\"0\" ><div\n\t\t\t\n\t\t\tclass=\"so-widget-sow-editor so-widget-sow-editor-base\"\n\t\t\t\n\t\t>\n<div class=\"siteorigin-widget-tinymce textwidget\">\n\t<div class=\"lien_reservation\"><a href=\"\/it\/ristoranti-monaco\/#tavolo\">Tavolo<\/a><\/div>\n<\/div>\n<\/div><\/div><\/div><div id=\"pgc-14125-0-1\"  class=\"panel-grid-cell panel-grid-cell-empty\" ><\/div><div id=\"pgc-14125-0-2\"  class=\"panel-grid-cell panel-grid-cell-empty\" ><\/div><div id=\"pgc-14125-0-3\"  class=\"panel-grid-cell\" ><div id=\"panel-14125-0-3-0\" class=\"so-panel widget widget_sow-editor panel-first-child panel-last-child\" data-index=\"1\" ><div\n\t\t\t\n\t\t\tclass=\"so-widget-sow-editor so-widget-sow-editor-base\"\n\t\t\t\n\t\t>\n<div class=\"siteorigin-widget-tinymce textwidget\">\n\t<div class=\"lien_reservation\"><a href=\"\/it\/ristoranti-monaco\/#bar\">Il bar<\/a><\/div>\n<\/div>\n<\/div><\/div><\/div><\/div><div id=\"pg-14125-1\"  class=\"panel-grid panel-has-style\" ><div class=\"siteorigin-panels-stretch panel-row-style panel-row-style-for-14125-1\" data-stretch-type=\"full\" ><div id=\"pgc-14125-1-0\"  class=\"panel-grid-cell panel-grid-cell-empty\" ><\/div><div id=\"pgc-14125-1-1\"  class=\"panel-grid-cell panel-grid-cell-mobile-last\" ><div id=\"panel-14125-1-1-0\" class=\"so-panel widget widget_sow-slider panel-first-child panel-last-child\" data-index=\"2\" ><div\n\t\t\t\n\t\t\tclass=\"so-widget-sow-slider so-widget-sow-slider-default-b1b53d508b8a-14125\"\n\t\t\t\n\t\t>\t\t\t\t<div class=\"sow-slider-base\" style=\"display: none\" tabindex=\"0\">\n\t\t\t\t\t<ul\n\t\t\t\t\tclass=\"sow-slider-images\"\n\t\t\t\t\tdata-settings=\"{&quot;pagination&quot;:true,&quot;speed&quot;:500,&quot;timeout&quot;:5000,&quot;paused&quot;:false,&quot;pause_on_hover&quot;:false,&quot;swipe&quot;:true,&quot;nav_always_show_desktop&quot;:&quot;&quot;,&quot;nav_always_show_mobile&quot;:&quot;&quot;,&quot;breakpoint&quot;:&quot;780px&quot;,&quot;unmute&quot;:false,&quot;anchor&quot;:null}\"\n\t\t\t\t\t\t\t\t\t\tdata-anchor-id=\"\"\n\t\t\t\t>\t\t<li class=\"sow-slider-image\" style=\"visibility: visible;\" >\n\t\t\t\t\t\t<img loading=\"lazy\" decoding=\"async\" width=\"1200\" height=\"675\" src=\"https:\/\/columbusmonaco.columbushotels.com\/wp-content\/uploads\/Terrace-Tavolo-slider.jpg\" class=\"sow-slider-background-image\" alt=\"Terrace-Tavolo-Columbus-Monte-Carlo\" style=\"\" srcset=\"https:\/\/columbusmonaco.columbushotels.com\/wp-content\/uploads\/Terrace-Tavolo-slider.jpg 1200w, https:\/\/columbusmonaco.columbushotels.com\/wp-content\/uploads\/Terrace-Tavolo-slider-300x169.jpg 300w, https:\/\/columbusmonaco.columbushotels.com\/wp-content\/uploads\/Terrace-Tavolo-slider-1024x576.jpg 1024w\" sizes=\"auto, (max-width: 1200px) 100vw, 1200px\" \/>\t\t<\/li>\n\t\t\t\t<li class=\"sow-slider-image\" style=\"visibility: hidden;\" >\n\t\t\t\t\t\t<img loading=\"lazy\" decoding=\"async\" width=\"1320\" height=\"990\" src=\"https:\/\/columbusmonaco.columbushotels.com\/wp-content\/uploads\/Spaghetti-aglio-olio-e-peperoncino-2.jpg\" class=\"sow-slider-background-image\" alt=\"Spaghetti-aglio-olio-e-peperoncino-Tavolo\" style=\"\" srcset=\"https:\/\/columbusmonaco.columbushotels.com\/wp-content\/uploads\/Spaghetti-aglio-olio-e-peperoncino-2.jpg 1320w, https:\/\/columbusmonaco.columbushotels.com\/wp-content\/uploads\/Spaghetti-aglio-olio-e-peperoncino-2-300x225.jpg 300w, https:\/\/columbusmonaco.columbushotels.com\/wp-content\/uploads\/Spaghetti-aglio-olio-e-peperoncino-2-1024x768.jpg 1024w\" sizes=\"auto, (max-width: 1320px) 100vw, 1320px\" \/>\t\t<\/li>\n\t\t\t\t<li class=\"sow-slider-image\" style=\"visibility: hidden;\" >\n\t\t\t\t\t\t<img loading=\"lazy\" decoding=\"async\" width=\"1320\" height=\"990\" src=\"https:\/\/columbusmonaco.columbushotels.com\/wp-content\/uploads\/tavolo-fritto-misto.jpg\" class=\"sow-slider-background-image\" alt=\"tavolo-fritto-misto\" style=\"\" srcset=\"https:\/\/columbusmonaco.columbushotels.com\/wp-content\/uploads\/tavolo-fritto-misto.jpg 1320w, https:\/\/columbusmonaco.columbushotels.com\/wp-content\/uploads\/tavolo-fritto-misto-300x225.jpg 300w, https:\/\/columbusmonaco.columbushotels.com\/wp-content\/uploads\/tavolo-fritto-misto-1024x768.jpg 1024w\" sizes=\"auto, (max-width: 1320px) 100vw, 1320px\" \/>\t\t<\/li>\n\t\t\t\t<li class=\"sow-slider-image\" style=\"visibility: hidden;\" >\n\t\t\t\t\t\t<img loading=\"lazy\" decoding=\"async\" width=\"1320\" height=\"990\" src=\"https:\/\/columbusmonaco.columbushotels.com\/wp-content\/uploads\/tavolo-vitello-tonnato.jpg\" class=\"sow-slider-background-image\" alt=\"tavolo-vitello-tonnato\" style=\"\" srcset=\"https:\/\/columbusmonaco.columbushotels.com\/wp-content\/uploads\/tavolo-vitello-tonnato.jpg 1320w, https:\/\/columbusmonaco.columbushotels.com\/wp-content\/uploads\/tavolo-vitello-tonnato-300x225.jpg 300w, https:\/\/columbusmonaco.columbushotels.com\/wp-content\/uploads\/tavolo-vitello-tonnato-1024x768.jpg 1024w\" sizes=\"auto, (max-width: 1320px) 100vw, 1320px\" \/>\t\t<\/li>\n\t\t\t\t<li class=\"sow-slider-image\" style=\"visibility: hidden;\" >\n\t\t\t\t\t\t<img loading=\"lazy\" decoding=\"async\" width=\"1200\" height=\"676\" src=\"https:\/\/columbusmonaco.columbushotels.com\/wp-content\/uploads\/glaces-artisanales-@banso-5-1.jpg\" class=\"sow-slider-background-image\" alt=\"\" style=\"\" srcset=\"https:\/\/columbusmonaco.columbushotels.com\/wp-content\/uploads\/glaces-artisanales-@banso-5-1.jpg 1200w, https:\/\/columbusmonaco.columbushotels.com\/wp-content\/uploads\/glaces-artisanales-@banso-5-1-300x169.jpg 300w, https:\/\/columbusmonaco.columbushotels.com\/wp-content\/uploads\/glaces-artisanales-@banso-5-1-1024x577.jpg 1024w\" sizes=\"auto, (max-width: 1200px) 100vw, 1200px\" \/>\t\t<\/li>\n\t\t\t\t<li class=\"sow-slider-image\" style=\"visibility: hidden;\" >\n\t\t\t\t\t\t<img loading=\"lazy\" decoding=\"async\" width=\"1280\" height=\"962\" src=\"https:\/\/columbusmonaco.columbushotels.com\/wp-content\/uploads\/Tavolo-Petite-Boite-Conte-le-gaspillage-alimentaire.jpg\" class=\"sow-slider-background-image\" alt=\"Tavolo-Petite-Boite-Conte-le-gaspillage-alimentaire\" style=\"\" srcset=\"https:\/\/columbusmonaco.columbushotels.com\/wp-content\/uploads\/Tavolo-Petite-Boite-Conte-le-gaspillage-alimentaire.jpg 1280w, https:\/\/columbusmonaco.columbushotels.com\/wp-content\/uploads\/Tavolo-Petite-Boite-Conte-le-gaspillage-alimentaire-300x225.jpg 300w, https:\/\/columbusmonaco.columbushotels.com\/wp-content\/uploads\/Tavolo-Petite-Boite-Conte-le-gaspillage-alimentaire-1024x770.jpg 1024w\" sizes=\"auto, (max-width: 1280px) 100vw, 1280px\" \/>\t\t<\/li>\n\t\t\t\t<li class=\"sow-slider-image\" style=\"visibility: hidden;\" >\n\t\t\t\t\t\t<img loading=\"lazy\" decoding=\"async\" width=\"1050\" height=\"700\" src=\"https:\/\/columbusmonaco.columbushotels.com\/wp-content\/uploads\/Tavolo-indoor-dining.jpg\" class=\"sow-slider-background-image\" alt=\"Tavolo -Restaurant-Columbus Monte-Carlo -indoor dining\" style=\"\" srcset=\"https:\/\/columbusmonaco.columbushotels.com\/wp-content\/uploads\/Tavolo-indoor-dining.jpg 1050w, https:\/\/columbusmonaco.columbushotels.com\/wp-content\/uploads\/Tavolo-indoor-dining-300x200.jpg 300w, https:\/\/columbusmonaco.columbushotels.com\/wp-content\/uploads\/Tavolo-indoor-dining-1024x683.jpg 1024w, https:\/\/columbusmonaco.columbushotels.com\/wp-content\/uploads\/Tavolo-indoor-dining-272x182.jpg 272w\" sizes=\"auto, (max-width: 1050px) 100vw, 1050px\" \/>\t\t<\/li>\n\t\t\t\t<li class=\"sow-slider-image\" style=\"visibility: hidden;\" >\n\t\t\t\t\t\t<img loading=\"lazy\" decoding=\"async\" width=\"1920\" height=\"1080\" src=\"https:\/\/columbusmonaco.columbushotels.com\/wp-content\/uploads\/J2-SHOOTING.00_02_42_11.Image-fixe034.jpg\" class=\"sow-slider-background-image\" alt=\"TAVOLO- terrace-restaurant-Monaco\" style=\"\" srcset=\"https:\/\/columbusmonaco.columbushotels.com\/wp-content\/uploads\/J2-SHOOTING.00_02_42_11.Image-fixe034.jpg 1920w, https:\/\/columbusmonaco.columbushotels.com\/wp-content\/uploads\/J2-SHOOTING.00_02_42_11.Image-fixe034-300x169.jpg 300w, https:\/\/columbusmonaco.columbushotels.com\/wp-content\/uploads\/J2-SHOOTING.00_02_42_11.Image-fixe034-1024x576.jpg 1024w\" sizes=\"auto, (max-width: 1920px) 100vw, 1920px\" \/>\t\t<\/li>\n\t\t<\/ul>\t\t\t\t<ol class=\"sow-slider-pagination\">\n\t\t\t\t\t\t\t\t\t\t\t<li><a href=\"#\" data-goto=\"0\" aria-label=\"Display slide 1\"><\/a><\/li>\n\t\t\t\t\t\t\t\t\t\t\t<li><a href=\"#\" data-goto=\"1\" aria-label=\"Display slide 2\"><\/a><\/li>\n\t\t\t\t\t\t\t\t\t\t\t<li><a href=\"#\" data-goto=\"2\" aria-label=\"Display slide 3\"><\/a><\/li>\n\t\t\t\t\t\t\t\t\t\t\t<li><a href=\"#\" data-goto=\"3\" aria-label=\"Display slide 4\"><\/a><\/li>\n\t\t\t\t\t\t\t\t\t\t\t<li><a href=\"#\" data-goto=\"4\" aria-label=\"Display slide 5\"><\/a><\/li>\n\t\t\t\t\t\t\t\t\t\t\t<li><a href=\"#\" data-goto=\"5\" aria-label=\"Display slide 6\"><\/a><\/li>\n\t\t\t\t\t\t\t\t\t\t\t<li><a href=\"#\" data-goto=\"6\" aria-label=\"Display slide 7\"><\/a><\/li>\n\t\t\t\t\t\t\t\t\t\t\t<li><a href=\"#\" data-goto=\"7\" aria-label=\"Display slide 8\"><\/a><\/li>\n\t\t\t\t\t\t\t\t\t<\/ol>\n\n\t\t\t\t<div class=\"sow-slide-nav sow-slide-nav-next\">\n\t\t\t\t\t<a href=\"#\" data-goto=\"next\" aria-label=\"Next slide\" data-action=\"next\">\n\t\t\t\t\t\t<em class=\"sow-sld-icon-medium-right\"><\/em>\n\t\t\t\t\t<\/a>\n\t\t\t\t<\/div>\n\n\t\t\t\t<div class=\"sow-slide-nav sow-slide-nav-prev\">\n\t\t\t\t\t<a href=\"#\" data-goto=\"previous\" aria-label=\"Previous slide\" data-action=\"prev\">\n\t\t\t\t\t\t<em class=\"sow-sld-icon-medium-left\"><\/em>\n\t\t\t\t\t<\/a>\n\t\t\t\t<\/div>\n\t\t\t\t<\/div><\/div><\/div><\/div><div id=\"pgc-14125-1-2\"  class=\"panel-grid-cell panel-grid-cell-empty\" ><\/div><\/div><\/div><div id=\"pg-14125-2\"  class=\"panel-grid panel-no-style\" ><div id=\"pgc-14125-2-0\"  class=\"panel-grid-cell\" ><div id=\"panel-14125-2-0-0\" class=\"so-panel widget widget_sow-editor panel-first-child panel-last-child\" data-index=\"3\" ><div\n\t\t\t\n\t\t\tclass=\"so-widget-sow-editor so-widget-sow-editor-base\"\n\t\t\t\n\t\t>\n<div class=\"siteorigin-widget-tinymce textwidget\">\n\t<div id=\"tavolo\"><\/div>\n<h2>RISTORANTE tavolo<\/h2>\n<p>&nbsp;<\/p>\n<p>Con la sua acclamata terrazza all'aperto con vista sul Giardino delle Rose della Principessa Grace, il nostro ristorante TAVOLO offrir\u00e0 una nuova, vivace ed emozionante esperienza culinaria a Monaco. Il men\u00f9 stagionale e la specialit\u00e0 del giorno attingono ai sapori mediterranei per creare deliziosi piatti realizzati con ingredienti freschi, locali e di stagione.<\/p>\n<p>&nbsp;<\/p>\n<p>Parcheggio e valet parking gratuito.<\/p>\n<p>Aperto dal luned\u00ec al venerd\u00ec dalle 6:30 alle 10:00 per la prima colazione. Nel fine settimana, la prima colazione \u00e8 servita fino alle 10:30.<\/p>\n<p>Il <strong data-start=\"282\" data-end=\"292\">pranzo<\/strong> \u00e8 disponibile dal luned\u00ec al venerd\u00ec dalle <strong data-start=\"328\" data-end=\"348\">12:00 alle 14:30<\/strong>. Nei giorni feriali proponiamo inoltre <strong data-start=\"390\" data-end=\"415\">specialit\u00e0 del giorno<\/strong>, preparate con ingredienti freschi e di stagione.<\/p>\n<p>&nbsp;<\/p>\n<p><strong data-start=\"3\" data-end=\"14\">Novit\u00e0:<\/strong> Il ristorante Tavolo propone le <strong data-start=\"47\" data-end=\"66\">Serate Raclette<\/strong> al prezzo di 45\u20ac a persona (minimo 2 persone), dalle ore 19:00 alle ore 22:30, nelle date del 19 e 26 febbraio e del 5, 12, 19 e 26 marzo.<\/p>\n<p>&nbsp;<\/p>\n<p><span style=\"text-decoration: underline;\"><span style=\"color: #c28111;\"><a style=\"color: #c28111; text-decoration: underline;\" href=\"https:\/\/columbushotels.com\/wp-content\/uploads\/Menu_Tavolo_la_carte.pdf\" target=\"_blank\" rel=\"noopener noreferrer\">SCOPRITE IL MEN\u00d9<\/a><\/span><\/span><\/p>\n<p>&nbsp;<\/p>\n<p>Per prenotare un tavolo, si prega di chiamare il +377 92 05 82 35 o di prenotare <span style=\"color: #c28111;\"><span style=\"color: #c28111;\"><a style=\"color: #c28111;\" href=\"https:\/\/tables.hostmeapp.com\/restaurants\/26628\" target=\"_blank\" rel=\"noopener noreferrer\">ONLINE.<\/a><\/span><\/span><\/p>\n<p>&nbsp;<\/p>\n<p>Puoi comunque ordinare bevande e piccoli piatti da consumare nella nostra <span style=\"color: #c28111;\"><a style=\"color: #c28111;\" href=\"https:\/\/columbushotels.com\/wp-content\/uploads\/Lobby-Menu-Columbus-Monte-Carlo.pdf\" target=\"_blank\" rel=\"noopener noreferrer\">LOBBY MEN\u00d9<\/a><\/span> o sulla terrazza dalle 7:00 alle 16:00.<\/p>\n<p>&nbsp;<\/p>\n<p>Gli ospiti dell'hotel possono anche ordinare 24 ore su 24, 7 giorni su 7 dal nostro <span style=\"color: #c28111;\"><a style=\"color: #c28111;\" href=\"https:\/\/columbushotels.com\/wp-content\/uploads\/Room_Service_Menu_Columbus-Monte-Carlo.pdf\" target=\"_blank\" rel=\"noopener noreferrer\">MEN\u00d9 DEL SERVIZIO IN CAMERA<\/a><\/span>.<\/p>\n<p>&nbsp;<\/p>\n<p>Tavolo ha ottenuto l'etichetta \"Restaurant Engag\u00e9\" del governo del Principe in riconoscimento del nostro approccio eco-responsabile e del nostro desiderio di ulteriori progressi. Tavolo si impegna a cortocircuitare le filiere locali, la riduzione e il riciclaggio dei rifiuti e la lotta allo spreco alimentare.<\/p>\n<\/div>\n<\/div><\/div><\/div><\/div><div id=\"pg-14125-3\"  class=\"panel-grid panel-no-style\" ><div id=\"pgc-14125-3-0\"  class=\"panel-grid-cell\" ><div id=\"panel-14125-3-0-0\" class=\"so-panel widget widget_sow-editor panel-first-child panel-last-child\" data-index=\"4\" ><div\n\t\t\t\n\t\t\tclass=\"so-widget-sow-editor so-widget-sow-editor-base\"\n\t\t\t\n\t\t>\n<div class=\"siteorigin-widget-tinymce textwidget\">\n\t<div id=\"bar\"><\/div>\n<h2>IL BAR<\/h2>\n<p>Il nostro bar vi aspetta tutti i giorni dalle 16:00 alle 23:00.<\/p>\n<p>&nbsp;<\/p>\n<p>Nel nostro concept\u00a0 <span style=\"color: #c28111;\"><span style=\"color: #c28111;\"><a style=\"color: #c28111;\" href=\"https:\/\/columbushotels.com\/wp-content\/uploads\/Columbus-Monte-Carlo-Bar-Menu.pdf\" target=\"_blank\" rel=\"noopener noreferrer\">\"DRINK AND DINE\"<\/a><\/span><\/span>, gli ospiti e i residenti possono riscoprire i cocktail classici, risvegliare le papille gustative con nuove creazioni realizzate in collaborazione con fornitori locali come Distillerie de Monaco, Osco e La Maison du Limoncello Monaco, scoprire l'offerta stagionale del nostro menu bar e gustare un cocktail mensile in edizione limitata.<\/p>\n<\/div>\n<\/div><\/div><\/div><\/div><div id=\"pg-14125-4\"  class=\"panel-grid panel-no-style\" ><div id=\"pgc-14125-4-0\"  class=\"panel-grid-cell panel-grid-cell-empty\" ><\/div><div id=\"pgc-14125-4-1\"  class=\"panel-grid-cell panel-grid-cell-mobile-last\" ><div id=\"panel-14125-4-1-0\" class=\"so-panel widget widget_sow-slider panel-first-child panel-last-child\" data-index=\"5\" ><div\n\t\t\t\n\t\t\tclass=\"so-widget-sow-slider so-widget-sow-slider-default-b1b53d508b8a-14125\"\n\t\t\t\n\t\t>\t\t\t\t<div class=\"sow-slider-base\" style=\"display: none\" tabindex=\"0\">\n\t\t\t\t\t<ul\n\t\t\t\t\tclass=\"sow-slider-images\"\n\t\t\t\t\tdata-settings=\"{&quot;pagination&quot;:true,&quot;speed&quot;:500,&quot;timeout&quot;:5000,&quot;paused&quot;:false,&quot;pause_on_hover&quot;:false,&quot;swipe&quot;:true,&quot;nav_always_show_desktop&quot;:&quot;&quot;,&quot;nav_always_show_mobile&quot;:&quot;&quot;,&quot;breakpoint&quot;:&quot;780px&quot;,&quot;unmute&quot;:false,&quot;anchor&quot;:null}\"\n\t\t\t\t\t\t\t\t\t\tdata-anchor-id=\"\"\n\t\t\t\t>\t\t<li class=\"sow-slider-image\" style=\"visibility: visible;\" >\n\t\t\t\t\t\t<img loading=\"lazy\" decoding=\"async\" width=\"1200\" height=\"600\" src=\"https:\/\/columbusmonaco.columbushotels.com\/wp-content\/uploads\/bar-1.jpg\" class=\"sow-slider-background-image\" alt=\"\" style=\"\" srcset=\"https:\/\/columbusmonaco.columbushotels.com\/wp-content\/uploads\/bar-1.jpg 1200w, https:\/\/columbusmonaco.columbushotels.com\/wp-content\/uploads\/bar-1-300x150.jpg 300w, https:\/\/columbusmonaco.columbushotels.com\/wp-content\/uploads\/bar-1-1024x512.jpg 1024w\" sizes=\"auto, (max-width: 1200px) 100vw, 1200px\" \/>\t\t<\/li>\n\t\t\t\t<li class=\"sow-slider-image\" style=\"visibility: hidden;\" >\n\t\t\t\t\t\t<img loading=\"lazy\" decoding=\"async\" width=\"2560\" height=\"1920\" src=\"https:\/\/columbusmonaco.columbushotels.com\/wp-content\/uploads\/the-bar-columbus-hotel-monte-carlo-bartender-scaled.jpg\" class=\"sow-slider-background-image\" alt=\"\" style=\"\" srcset=\"https:\/\/columbusmonaco.columbushotels.com\/wp-content\/uploads\/the-bar-columbus-hotel-monte-carlo-bartender-scaled.jpg 2560w, https:\/\/columbusmonaco.columbushotels.com\/wp-content\/uploads\/the-bar-columbus-hotel-monte-carlo-bartender-300x225.jpg 300w, https:\/\/columbusmonaco.columbushotels.com\/wp-content\/uploads\/the-bar-columbus-hotel-monte-carlo-bartender-1024x768.jpg 1024w, https:\/\/columbusmonaco.columbushotels.com\/wp-content\/uploads\/the-bar-columbus-hotel-monte-carlo-bartender-1536x1152.jpg 1536w, https:\/\/columbusmonaco.columbushotels.com\/wp-content\/uploads\/the-bar-columbus-hotel-monte-carlo-bartender-2048x1536.jpg 2048w\" sizes=\"auto, (max-width: 2560px) 100vw, 2560px\" \/>\t\t<\/li>\n\t\t\t\t<li class=\"sow-slider-image\" style=\"visibility: hidden;\" >\n\t\t\t\t\t\t<img loading=\"lazy\" decoding=\"async\" width=\"1200\" height=\"675\" src=\"https:\/\/columbusmonaco.columbushotels.com\/wp-content\/uploads\/cocktail-1200-Copy.jpg\" class=\"sow-slider-background-image\" alt=\"Bar-Columbus-Monte-Carlo\" style=\"\" srcset=\"https:\/\/columbusmonaco.columbushotels.com\/wp-content\/uploads\/cocktail-1200-Copy.jpg 1200w, https:\/\/columbusmonaco.columbushotels.com\/wp-content\/uploads\/cocktail-1200-Copy-300x169.jpg 300w, https:\/\/columbusmonaco.columbushotels.com\/wp-content\/uploads\/cocktail-1200-Copy-1024x576.jpg 1024w\" sizes=\"auto, (max-width: 1200px) 100vw, 1200px\" \/>\t\t<\/li>\n\t\t\t\t<li class=\"sow-slider-image\" style=\"visibility: hidden;\" >\n\t\t\t\t\t\t<img loading=\"lazy\" decoding=\"async\" width=\"1200\" height=\"675\" src=\"https:\/\/columbusmonaco.columbushotels.com\/wp-content\/uploads\/Lobby-Menu.jpg\" class=\"sow-slider-background-image\" alt=\"Lobby-Menu\" style=\"\" srcset=\"https:\/\/columbusmonaco.columbushotels.com\/wp-content\/uploads\/Lobby-Menu.jpg 1200w, https:\/\/columbusmonaco.columbushotels.com\/wp-content\/uploads\/Lobby-Menu-300x169.jpg 300w, https:\/\/columbusmonaco.columbushotels.com\/wp-content\/uploads\/Lobby-Menu-1024x576.jpg 1024w\" sizes=\"auto, (max-width: 1200px) 100vw, 1200px\" \/>\t\t<\/li>\n\t\t\t\t<li class=\"sow-slider-image\" style=\"visibility: hidden;\" >\n\t\t\t\t\t\t<img loading=\"lazy\" decoding=\"async\" width=\"1200\" height=\"675\" src=\"https:\/\/columbusmonaco.columbushotels.com\/wp-content\/uploads\/Cocktail-Bramble-racing-car-Columbus-Monte-Carlo-lobby.jpg\" class=\"sow-slider-background-image\" alt=\"Cocktail-Bramble-racing-car-Columbus-Monte-Carlo-lobby\" style=\"\" srcset=\"https:\/\/columbusmonaco.columbushotels.com\/wp-content\/uploads\/Cocktail-Bramble-racing-car-Columbus-Monte-Carlo-lobby.jpg 1200w, https:\/\/columbusmonaco.columbushotels.com\/wp-content\/uploads\/Cocktail-Bramble-racing-car-Columbus-Monte-Carlo-lobby-300x169.jpg 300w, https:\/\/columbusmonaco.columbushotels.com\/wp-content\/uploads\/Cocktail-Bramble-racing-car-Columbus-Monte-Carlo-lobby-1024x576.jpg 1024w\" sizes=\"auto, (max-width: 1200px) 100vw, 1200px\" \/>\t\t<\/li>\n\t\t<\/ul>\t\t\t\t<ol class=\"sow-slider-pagination\">\n\t\t\t\t\t\t\t\t\t\t\t<li><a href=\"#\" data-goto=\"0\" aria-label=\"Display slide 1\"><\/a><\/li>\n\t\t\t\t\t\t\t\t\t\t\t<li><a href=\"#\" data-goto=\"1\" aria-label=\"Display slide 2\"><\/a><\/li>\n\t\t\t\t\t\t\t\t\t\t\t<li><a href=\"#\" data-goto=\"2\" aria-label=\"Display slide 3\"><\/a><\/li>\n\t\t\t\t\t\t\t\t\t\t\t<li><a href=\"#\" data-goto=\"3\" aria-label=\"Display slide 4\"><\/a><\/li>\n\t\t\t\t\t\t\t\t\t\t\t<li><a href=\"#\" data-goto=\"4\" aria-label=\"Display slide 5\"><\/a><\/li>\n\t\t\t\t\t\t\t\t\t<\/ol>\n\n\t\t\t\t<div class=\"sow-slide-nav sow-slide-nav-next\">\n\t\t\t\t\t<a href=\"#\" data-goto=\"next\" aria-label=\"Next slide\" data-action=\"next\">\n\t\t\t\t\t\t<em class=\"sow-sld-icon-medium-right\"><\/em>\n\t\t\t\t\t<\/a>\n\t\t\t\t<\/div>\n\n\t\t\t\t<div class=\"sow-slide-nav sow-slide-nav-prev\">\n\t\t\t\t\t<a href=\"#\" data-goto=\"previous\" aria-label=\"Previous slide\" data-action=\"prev\">\n\t\t\t\t\t\t<em class=\"sow-sld-icon-medium-left\"><\/em>\n\t\t\t\t\t<\/a>\n\t\t\t\t<\/div>\n\t\t\t\t<\/div><\/div><\/div><\/div><div id=\"pgc-14125-4-2\"  class=\"panel-grid-cell panel-grid-cell-empty\" ><\/div><\/div><\/div>","protected":false},"excerpt":{"rendered":"<p>Tavolo Il bar<\/p>\n","protected":false},"author":4,"featured_media":0,"parent":0,"menu_order":95,"comment_status":"closed","ping_status":"closed","template":"","meta":{"footnotes":""},"class_list":["post-14125","page","type-page","status-publish","hentry"],"yoast_head":"<!-- This site is optimized with the Yoast SEO plugin v27.3 - https:\/\/yoast.com\/product\/yoast-seo-wordpress\/ -->\n<title>Visitate il nostro ristorante TAVOLO al Columbus Monte-Carlo<\/title>\n<meta name=\"description\" content=\"TAVOLO, il ristorante mediterraneo con terrazza dell&#039;hotel Columbus \u00e8 aperto per il pranzo dal luned\u00ec al venerd\u00ec.\" \/>\n<meta name=\"robots\" content=\"index, follow, max-snippet:-1, max-image-preview:large, max-video-preview:-1\" \/>\n<link rel=\"canonical\" href=\"https:\/\/columbusmonaco.columbushotels.com\/it\/ristoranti-monaco\/\" \/>\n<meta property=\"og:locale\" content=\"it_IT\" \/>\n<meta property=\"og:type\" content=\"article\" \/>\n<meta property=\"og:title\" content=\"Visitate il nostro ristorante TAVOLO al Columbus Monte-Carlo\" \/>\n<meta property=\"og:description\" content=\"TAVOLO, il ristorante mediterraneo con terrazza dell&#039;hotel Columbus \u00e8 aperto per il pranzo dal luned\u00ec al venerd\u00ec.\" \/>\n<meta property=\"og:url\" content=\"https:\/\/columbusmonaco.columbushotels.com\/it\/ristoranti-monaco\/\" \/>\n<meta property=\"og:site_name\" content=\"Columbus Monte-Carlo\" \/>\n<meta property=\"article:publisher\" content=\"https:\/\/www.facebook.com\/ColumbusMonteCarlo\" \/>\n<meta property=\"article:modified_time\" content=\"2026-02-26T16:33:49+00:00\" \/>\n<meta name=\"twitter:label1\" content=\"Tempo di lettura stimato\" \/>\n\t<meta name=\"twitter:data1\" content=\"4 minuti\" \/>\n<!-- \/ Yoast SEO plugin. -->","yoast_head_json":{"title":"Visitate il nostro ristorante TAVOLO al Columbus Monte-Carlo","description":"TAVOLO, il ristorante mediterraneo con terrazza dell'hotel Columbus \u00e8 aperto per il pranzo dal luned\u00ec al venerd\u00ec.","robots":{"index":"index","follow":"follow","max-snippet":"max-snippet:-1","max-image-preview":"max-image-preview:large","max-video-preview":"max-video-preview:-1"},"canonical":"https:\/\/columbusmonaco.columbushotels.com\/it\/ristoranti-monaco\/","og_locale":"it_IT","og_type":"article","og_title":"Visitate il nostro ristorante TAVOLO al Columbus Monte-Carlo","og_description":"TAVOLO, il ristorante mediterraneo con terrazza dell'hotel Columbus \u00e8 aperto per il pranzo dal luned\u00ec al venerd\u00ec.","og_url":"https:\/\/columbusmonaco.columbushotels.com\/it\/ristoranti-monaco\/","og_site_name":"Columbus Monte-Carlo","article_publisher":"https:\/\/www.facebook.com\/ColumbusMonteCarlo","article_modified_time":"2026-02-26T16:33:49+00:00","twitter_misc":{"Tempo di lettura stimato":"4 minuti"},"schema":{"@context":"https:\/\/schema.org","@graph":[{"@type":"WebPage","@id":"https:\/\/columbusmonaco.columbushotels.com\/it\/ristoranti-monaco\/","url":"https:\/\/columbusmonaco.columbushotels.com\/it\/ristoranti-monaco\/","name":"Visitate il nostro ristorante TAVOLO al Columbus Monte-Carlo","isPartOf":{"@id":"https:\/\/mail.columbushotels.com\/it\/#website"},"datePublished":"2018-06-04T13:45:04+00:00","dateModified":"2026-02-26T16:33:49+00:00","description":"TAVOLO, il ristorante mediterraneo con terrazza dell'hotel Columbus \u00e8 aperto per il pranzo dal luned\u00ec al venerd\u00ec.","breadcrumb":{"@id":"https:\/\/columbusmonaco.columbushotels.com\/it\/ristoranti-monaco\/#breadcrumb"},"inLanguage":"it-IT","potentialAction":[{"@type":"ReadAction","target":["https:\/\/columbusmonaco.columbushotels.com\/it\/ristoranti-monaco\/"]}]},{"@type":"BreadcrumbList","@id":"https:\/\/columbusmonaco.columbushotels.com\/it\/ristoranti-monaco\/#breadcrumb","itemListElement":[{"@type":"ListItem","position":1,"name":"Accueil","item":"https:\/\/mail.columbushotels.com\/it\/"},{"@type":"ListItem","position":2,"name":"Pranzo &#038; Divertimento"}]},{"@type":"WebSite","@id":"https:\/\/mail.columbushotels.com\/it\/#website","url":"https:\/\/mail.columbushotels.com\/it\/","name":"Columbus Monte-Carlo","description":"","publisher":{"@id":"https:\/\/mail.columbushotels.com\/it\/#organization"},"potentialAction":[{"@type":"SearchAction","target":{"@type":"EntryPoint","urlTemplate":"https:\/\/mail.columbushotels.com\/it\/?s={search_term_string}"},"query-input":{"@type":"PropertyValueSpecification","valueRequired":true,"valueName":"search_term_string"}}],"inLanguage":"it-IT"},{"@type":"Organization","@id":"https:\/\/mail.columbushotels.com\/it\/#organization","name":"Columbus Monte-Carlo","url":"https:\/\/mail.columbushotels.com\/it\/","logo":{"@type":"ImageObject","inLanguage":"it-IT","@id":"https:\/\/mail.columbushotels.com\/it\/#\/schema\/logo\/image\/","url":"https:\/\/www.columbushotels.com\/wp-content\/uploads\/icon-tablette.png","contentUrl":"https:\/\/www.columbushotels.com\/wp-content\/uploads\/icon-tablette.png","width":144,"height":144,"caption":"Columbus Monte-Carlo"},"image":{"@id":"https:\/\/mail.columbushotels.com\/it\/#\/schema\/logo\/image\/"},"sameAs":["https:\/\/www.facebook.com\/ColumbusMonteCarlo","https:\/\/x.com\/ColumbusMC","https:\/\/www.instagram.com\/columbusmchotel","https:\/\/www.linkedin.com\/company\/1316137"]}]}},"_links":{"self":[{"href":"https:\/\/columbusmonaco.columbushotels.com\/it\/wp-json\/wp\/v2\/pages\/14125","targetHints":{"allow":["GET"]}}],"collection":[{"href":"https:\/\/columbusmonaco.columbushotels.com\/it\/wp-json\/wp\/v2\/pages"}],"about":[{"href":"https:\/\/columbusmonaco.columbushotels.com\/it\/wp-json\/wp\/v2\/types\/page"}],"author":[{"embeddable":true,"href":"https:\/\/columbusmonaco.columbushotels.com\/it\/wp-json\/wp\/v2\/users\/4"}],"replies":[{"embeddable":true,"href":"https:\/\/columbusmonaco.columbushotels.com\/it\/wp-json\/wp\/v2\/comments?post=14125"}],"version-history":[{"count":8,"href":"https:\/\/columbusmonaco.columbushotels.com\/it\/wp-json\/wp\/v2\/pages\/14125\/revisions"}],"predecessor-version":[{"id":42707,"href":"https:\/\/columbusmonaco.columbushotels.com\/it\/wp-json\/wp\/v2\/pages\/14125\/revisions\/42707"}],"wp:attachment":[{"href":"https:\/\/columbusmonaco.columbushotels.com\/it\/wp-json\/wp\/v2\/media?parent=14125"}],"curies":[{"name":"wp","href":"https:\/\/api.w.org\/{rel}","templated":true}]}}