{"id":11977,"date":"2016-03-07T16:52:36","date_gmt":"2016-03-07T15:52:36","guid":{"rendered":"http:\/\/127.0.0.1\/gereso\/www_dev\/?page_id=11977"},"modified":"2026-03-27T18:52:20","modified_gmt":"2026-03-27T16:52:20","slug":"accueil","status":"publish","type":"page","link":"https:\/\/columbusmonaco.columbushotels.com\/fr\/","title":{"rendered":"Accueil"},"content":{"rendered":"<div id=\"pl-11977\"  class=\"panel-layout\" ><div id=\"pg-11977-0\"  class=\"panel-grid panel-no-style\" ><div id=\"pgc-11977-0-0\"  class=\"panel-grid-cell\" ><div class=\"bloc_slide  panel-cell-style panel-cell-style-for-11977-0-0\" ><!-- not cached-nc_news-widget --><div id=\"panel-11977-0-0-0\" class=\"so-panel widget widget_netconcept_news net-concept-news panel-first-child bloc-diaporama-video\" data-index=\"0\" ><div class=\"widget-title\">slide accueil<\/div><div class=\"list_items\"><ul class=\"slides-container swiper-wrapper\"><li class=\"slide-container swiper-slide\"><div class=\"item \"><div class=\"diaporama-slide\" id=\"slide-15796\"><div class=\"diaporama-img\"><div class=\"video-container\"><video class=\"video-mp4-full\"  muette=\"\" muted loop=\"\" preload=\"auto\" playsinline=\"\" webkit-playsinline=\"\"><source src=\"https:\/\/www.columbushotels.com\/\/wp-content\/themes\/hypnose\/images\/visuels\/COLUMBUS_16-9_FB_YOUTUBE.mp4\" muette=\"\" type=\"video\/mp4\"><\/video><button class=\"btn-play-video\"><span>Play<\/span><\/button><\/div><\/div><div class=\"diaporama-encart\"><div class=\"diaporama-encart-inner\"><div class=\"diaporama-content\"><div class=\"diaporama-title\"><\/div><div class=\"diaporama-text\"><\/div><\/div><\/div><\/div><\/div><\/div><\/li><li class=\"slide-container swiper-slide\"><div class=\"item \"><div class=\"diaporama-slide\" id=\"slide-13554\"><div class=\"diaporama-img\"><img loading=\"lazy\" decoding=\"async\" width=\"1016\" height=\"678\" src=\"https:\/\/columbusmonaco.columbushotels.com\/wp-content\/uploads\/GettyImages-521698594-1024x683.jpg\" class=\"attachment-large size-large wp-post-image\" alt=\"\" styles=\"top:;left:;transform:translate(-,-);\" srcset=\"https:\/\/columbusmonaco.columbushotels.com\/wp-content\/uploads\/GettyImages-521698594-1024x683.jpg 1024w, https:\/\/columbusmonaco.columbushotels.com\/wp-content\/uploads\/GettyImages-521698594-300x200.jpg 300w, https:\/\/columbusmonaco.columbushotels.com\/wp-content\/uploads\/GettyImages-521698594-272x182.jpg 272w, https:\/\/columbusmonaco.columbushotels.com\/wp-content\/uploads\/GettyImages-521698594.jpg 1500w\" sizes=\"auto, (max-width: 1016px) 100vw, 1016px\" \/><\/div><div class=\"diaporama-encart\"><div class=\"diaporama-encart-inner\"><div class=\"diaporama-content\"><div class=\"diaporama-content_image_a_une\"><div class=\"diaporama-title\"><\/div><div class=\"diaporama-text\"><\/div><\/div><\/div><\/div><\/div><\/div><\/div><\/li><li class=\"slide-container swiper-slide\"><div class=\"item \"><div class=\"diaporama-slide\" id=\"slide-13557\"><div class=\"diaporama-img\"><img loading=\"lazy\" decoding=\"async\" width=\"1016\" height=\"585\" src=\"https:\/\/columbusmonaco.columbushotels.com\/wp-content\/uploads\/jason-blackeye-330969-unsplash-1024x590.jpg\" class=\"attachment-large size-large wp-post-image\" alt=\"\" styles=\"top:;left:;transform:translate(-,-);\" srcset=\"https:\/\/columbusmonaco.columbushotels.com\/wp-content\/uploads\/jason-blackeye-330969-unsplash-1024x590.jpg 1024w, https:\/\/columbusmonaco.columbushotels.com\/wp-content\/uploads\/jason-blackeye-330969-unsplash-300x173.jpg 300w, https:\/\/columbusmonaco.columbushotels.com\/wp-content\/uploads\/jason-blackeye-330969-unsplash.jpg 1500w\" sizes=\"auto, (max-width: 1016px) 100vw, 1016px\" \/><\/div><div class=\"diaporama-encart\"><div class=\"diaporama-encart-inner\"><div class=\"diaporama-content\"><div class=\"diaporama-content_image_a_une\"><div class=\"diaporama-title\"><\/div><div class=\"diaporama-text\"><\/div><\/div><\/div><\/div><\/div><\/div><\/div><\/li><\/ul><\/div><\/div><!-- \/not cached-nc_news-widget --><div id=\"panel-11977-0-0-1\" class=\"so-panel widget widget_sow-editor panel-last-child\" data-index=\"1\" ><div class=\"bloc_texte_slide panel-widget-style panel-widget-style-for-11977-0-0-1\" ><div\n\t\t\t\n\t\t\tclass=\"so-widget-sow-editor so-widget-sow-editor-base\"\n\t\t\t\n\t\t>\n<div class=\"siteorigin-widget-tinymce textwidget\">\n\t<div class=\"h1-like\">living riviera style<\/div>\n<p>Columbus Monte-Carlo est le boutique h\u00f4tel de r\u00e9f\u00e9rence pour les visiteurs qui privil\u00e9gient l\u2019ambiance authentique de l\u2019art de vivre mon\u00e9gasque. Situ\u00e9 \u00e0 Fontvieille, nous invitons nos clients \u00e0 d\u00e9couvrir le Monaco authentique en partageant avec eux les connaissances et les exp\u00e9riences qui donnent vie \u00e0 cette destination tr\u00e9pidante.<\/p>\n<\/div>\n<\/div><\/div><\/div><\/div><\/div><\/div><div id=\"pg-11977-1\"  class=\"panel-grid panel-no-style\" ><div id=\"pgc-11977-1-0\"  class=\"panel-grid-cell\" ><div id=\"panel-11977-1-0-0\" class=\"so-panel widget widget_sow-editor panel-first-child\" data-index=\"2\" ><div class=\"panel-widget-style panel-widget-style-for-11977-1-0-0\" ><div\n\t\t\t\n\t\t\tclass=\"so-widget-sow-editor so-widget-sow-editor-base\"\n\t\t\t\n\t\t>\n<div class=\"siteorigin-widget-tinymce textwidget\">\n\t<div class=\"h1-like\" style=\"text-align: center;\">VENEZ D\u00e9COUVRIR<\/div>\n<div>\n<p style=\"text-align: center;\">181 chambres dont 29 Suites, enti\u00e8rement r\u00e9nov\u00e9es en 2018 et d\u00e9cor\u00e9es avec go\u00fbt dans des tonalit\u00e9s de bleu et de bronze. Laissez-vous convaincre :<\/p>\n<\/div>\n<\/div>\n<\/div><\/div><\/div><div id=\"panel-11977-1-0-1\" class=\"so-panel widget widget_sow-image\" data-index=\"3\" ><div\n\t\t\t\n\t\t\tclass=\"so-widget-sow-image so-widget-sow-image-default-a258e6bfa2d8-13557\"\n\t\t\t\n\t\t>\n<div class=\"sow-image-container\">\n\t\t\t<a href=\"https:\/\/www.columbushotels.com\/fr\/presentation\/visite-virtuelle\/\"\n\t\t\t\t\t>\n\t\t\t<img \n\tsrc=\"https:\/\/www.columbushotels.com\/\/wp-content\/uploads\/room-714.jpg\" title=\"Slide2-couleur\" alt=\"Visite Virtuelle\" \t\tclass=\"so-widget-image\"\/>\n\t\t\t<\/a><\/div>\n\n<\/div><\/div><div id=\"panel-11977-1-0-2\" class=\"so-panel widget widget_sow-editor panel-last-child\" data-index=\"4\" ><div class=\"panel-widget-style panel-widget-style-for-11977-1-0-2\" ><div\n\t\t\t\n\t\t\tclass=\"so-widget-sow-editor so-widget-sow-editor-base\"\n\t\t\t\n\t\t>\n<div class=\"siteorigin-widget-tinymce textwidget\">\n\t<div class=\"h1-like\">offrEs<\/div>\n<div>\n<p style=\"text-align: center;\">D\u00e9couvrez nos <a href=\"https:\/\/www.hilton.com\/fr\/hotels\/ncecoqq-columbus-hotel-monte-carlo\/offers\/\">offres<\/a>, con\u00e7ues pour vous assurer un s\u00e9jour agr\u00e9able au meilleur prix !<\/p>\n<\/div>\n<\/div>\n<\/div><\/div><\/div><\/div><\/div><div id=\"pg-11977-2\"  class=\"panel-grid panel-has-style\" ><div class=\"deux_image_home panel-row-style panel-row-style-for-11977-2\" ><div id=\"pgc-11977-2-0\"  class=\"panel-grid-cell\" ><div id=\"panel-11977-2-0-0\" class=\"so-panel widget widget_sow-editor panel-first-child panel-last-child\" data-index=\"5\" ><div class=\"panel-widget-style panel-widget-style-for-11977-2-0-0\" ><div\n\t\t\t\n\t\t\tclass=\"so-widget-sow-editor so-widget-sow-editor-base\"\n\t\t\t\n\t\t>\n<div class=\"siteorigin-widget-tinymce textwidget\">\n\t<p><a href=\"\/fr\/voir-faire\/\">Le printemps s'invite<\/a><\/p>\n<\/div>\n<\/div><\/div><\/div><\/div><div id=\"pgc-11977-2-1\"  class=\"panel-grid-cell\" ><div id=\"panel-11977-2-1-0\" class=\"so-panel widget widget_sow-editor panel-first-child panel-last-child\" data-index=\"6\" ><div class=\"panel-widget-style panel-widget-style-for-11977-2-1-0\" ><div\n\t\t\t\n\t\t\tclass=\"so-widget-sow-editor so-widget-sow-editor-base\"\n\t\t\t\n\t\t>\n<div class=\"siteorigin-widget-tinymce textwidget\">\n\t<p><a href=\"\/fr\/voir-faire\/\">Nouveaut\u00e9s et Activit\u00e9s<\/a><\/p>\n<\/div>\n<\/div><\/div><\/div><\/div><\/div><\/div><\/div>","protected":false},"excerpt":{"rendered":"<p>living riviera style Columbus Monte-Carlo est le boutique h\u00f4tel de r\u00e9f\u00e9rence pour les visiteurs qui privil\u00e9gient l\u2019ambiance authentique de l\u2019art de vivre mon\u00e9gasque. Situ\u00e9 \u00e0 Fontvieille, nous invitons nos [&hellip;]<\/p>\n","protected":false},"author":4,"featured_media":0,"parent":0,"menu_order":77,"comment_status":"closed","ping_status":"closed","template":"front-page.php","meta":{"footnotes":""},"class_list":["post-11977","page","type-page","status-publish","hentry"],"yoast_head":"<!-- This site is optimized with the Yoast SEO plugin v27.3 - https:\/\/yoast.com\/product\/yoast-seo-wordpress\/ -->\n<title>H\u00f4tel Columbus Monte-Carlo : votre boutique h\u00f4tel \u00e0 Monaco<\/title>\n<meta name=\"description\" content=\"Venez s\u00e9journer dans notre h\u00f4tel Columbus Monte-Carlo situ\u00e9 en plein coeur de Monaco. Notre boutique h\u00f4tel vous accueille pour vos s\u00e9jours de courte ou longue dur\u00e9e sur la C\u00f4te d\u2019Azur.\" \/>\n<meta name=\"robots\" content=\"index, follow, max-snippet:-1, max-image-preview:large, max-video-preview:-1\" \/>\n<link rel=\"canonical\" href=\"https:\/\/mail.columbushotels.com\/fr\/\" \/>\n<meta property=\"og:locale\" content=\"fr_FR\" \/>\n<meta property=\"og:type\" content=\"article\" \/>\n<meta property=\"og:title\" content=\"H\u00f4tel Columbus Monte-Carlo : votre boutique h\u00f4tel \u00e0 Monaco\" \/>\n<meta property=\"og:description\" content=\"Venez s\u00e9journer dans notre h\u00f4tel Columbus Monte-Carlo situ\u00e9 en plein coeur de Monaco. Notre boutique h\u00f4tel vous accueille pour vos s\u00e9jours de courte ou longue dur\u00e9e sur la C\u00f4te d\u2019Azur.\" \/>\n<meta property=\"og:url\" content=\"https:\/\/mail.columbushotels.com\/fr\/\" \/>\n<meta property=\"og:site_name\" content=\"Columbus Monte-Carlo\" \/>\n<meta property=\"article:publisher\" content=\"https:\/\/www.facebook.com\/ColumbusMonteCarlo\" \/>\n<meta property=\"article:modified_time\" content=\"2026-03-27T16:52:20+00:00\" \/>\n<meta name=\"twitter:label1\" content=\"Dur\u00e9e de lecture estim\u00e9e\" \/>\n\t<meta name=\"twitter:data1\" content=\"2 minutes\" \/>\n<!-- \/ Yoast SEO plugin. -->","yoast_head_json":{"title":"H\u00f4tel Columbus Monte-Carlo : votre boutique h\u00f4tel \u00e0 Monaco","description":"Venez s\u00e9journer dans notre h\u00f4tel Columbus Monte-Carlo situ\u00e9 en plein coeur de Monaco. Notre boutique h\u00f4tel vous accueille pour vos s\u00e9jours de courte ou longue dur\u00e9e sur la C\u00f4te d\u2019Azur.","robots":{"index":"index","follow":"follow","max-snippet":"max-snippet:-1","max-image-preview":"max-image-preview:large","max-video-preview":"max-video-preview:-1"},"canonical":"https:\/\/mail.columbushotels.com\/fr\/","og_locale":"fr_FR","og_type":"article","og_title":"H\u00f4tel Columbus Monte-Carlo : votre boutique h\u00f4tel \u00e0 Monaco","og_description":"Venez s\u00e9journer dans notre h\u00f4tel Columbus Monte-Carlo situ\u00e9 en plein coeur de Monaco. Notre boutique h\u00f4tel vous accueille pour vos s\u00e9jours de courte ou longue dur\u00e9e sur la C\u00f4te d\u2019Azur.","og_url":"https:\/\/mail.columbushotels.com\/fr\/","og_site_name":"Columbus Monte-Carlo","article_publisher":"https:\/\/www.facebook.com\/ColumbusMonteCarlo","article_modified_time":"2026-03-27T16:52:20+00:00","twitter_misc":{"Dur\u00e9e de lecture estim\u00e9e":"2 minutes"},"schema":{"@context":"https:\/\/schema.org","@graph":[{"@type":"WebPage","@id":"https:\/\/mail.columbushotels.com\/fr\/","url":"https:\/\/mail.columbushotels.com\/fr\/","name":"H\u00f4tel Columbus Monte-Carlo : votre boutique h\u00f4tel \u00e0 Monaco","isPartOf":{"@id":"https:\/\/columbusmonaco.columbushotels.com\/it\/#website"},"datePublished":"2016-03-07T15:52:36+00:00","dateModified":"2026-03-27T16:52:20+00:00","description":"Venez s\u00e9journer dans notre h\u00f4tel Columbus Monte-Carlo situ\u00e9 en plein coeur de Monaco. Notre boutique h\u00f4tel vous accueille pour vos s\u00e9jours de courte ou longue dur\u00e9e sur la C\u00f4te d\u2019Azur.","breadcrumb":{"@id":"https:\/\/mail.columbushotels.com\/fr\/#breadcrumb"},"inLanguage":"fr-FR","potentialAction":[{"@type":"ReadAction","target":["https:\/\/mail.columbushotels.com\/fr\/"]}]},{"@type":"BreadcrumbList","@id":"https:\/\/mail.columbushotels.com\/fr\/#breadcrumb","itemListElement":[{"@type":"ListItem","position":1,"name":"Accueil","item":"https:\/\/mail.columbushotels.com\/fr\/"},{"@type":"ListItem","position":2,"name":"Accueil"}]},{"@type":"WebSite","@id":"https:\/\/columbusmonaco.columbushotels.com\/it\/#website","url":"https:\/\/columbusmonaco.columbushotels.com\/it\/","name":"Columbus Monte-Carlo","description":"","publisher":{"@id":"https:\/\/columbusmonaco.columbushotels.com\/it\/#organization"},"potentialAction":[{"@type":"SearchAction","target":{"@type":"EntryPoint","urlTemplate":"https:\/\/columbusmonaco.columbushotels.com\/it\/?s={search_term_string}"},"query-input":{"@type":"PropertyValueSpecification","valueRequired":true,"valueName":"search_term_string"}}],"inLanguage":"fr-FR"},{"@type":"Organization","@id":"https:\/\/columbusmonaco.columbushotels.com\/it\/#organization","name":"Columbus Monte-Carlo","url":"https:\/\/columbusmonaco.columbushotels.com\/it\/","logo":{"@type":"ImageObject","inLanguage":"fr-FR","@id":"https:\/\/columbusmonaco.columbushotels.com\/it\/#\/schema\/logo\/image\/","url":"https:\/\/www.columbushotels.com\/wp-content\/uploads\/icon-tablette.png","contentUrl":"https:\/\/www.columbushotels.com\/wp-content\/uploads\/icon-tablette.png","width":144,"height":144,"caption":"Columbus Monte-Carlo"},"image":{"@id":"https:\/\/columbusmonaco.columbushotels.com\/it\/#\/schema\/logo\/image\/"},"sameAs":["https:\/\/www.facebook.com\/ColumbusMonteCarlo","https:\/\/x.com\/ColumbusMC","https:\/\/www.instagram.com\/columbusmchotel","https:\/\/www.linkedin.com\/company\/1316137"]}]}},"_links":{"self":[{"href":"https:\/\/columbusmonaco.columbushotels.com\/fr\/wp-json\/wp\/v2\/pages\/11977","targetHints":{"allow":["GET"]}}],"collection":[{"href":"https:\/\/columbusmonaco.columbushotels.com\/fr\/wp-json\/wp\/v2\/pages"}],"about":[{"href":"https:\/\/columbusmonaco.columbushotels.com\/fr\/wp-json\/wp\/v2\/types\/page"}],"author":[{"embeddable":true,"href":"https:\/\/columbusmonaco.columbushotels.com\/fr\/wp-json\/wp\/v2\/users\/4"}],"replies":[{"embeddable":true,"href":"https:\/\/columbusmonaco.columbushotels.com\/fr\/wp-json\/wp\/v2\/comments?post=11977"}],"version-history":[{"count":8,"href":"https:\/\/columbusmonaco.columbushotels.com\/fr\/wp-json\/wp\/v2\/pages\/11977\/revisions"}],"predecessor-version":[{"id":42833,"href":"https:\/\/columbusmonaco.columbushotels.com\/fr\/wp-json\/wp\/v2\/pages\/11977\/revisions\/42833"}],"wp:attachment":[{"href":"https:\/\/columbusmonaco.columbushotels.com\/fr\/wp-json\/wp\/v2\/media?parent=11977"}],"curies":[{"name":"wp","href":"https:\/\/api.w.org\/{rel}","templated":true}]}}