{"id":31180,"date":"2022-03-29T11:11:00","date_gmt":"2022-03-29T09:11:00","guid":{"rendered":"https:\/\/columbushotels.com\/?page_id=31180"},"modified":"2024-01-24T12:04:37","modified_gmt":"2024-01-24T10:04:37","slug":"nachhaltigkeit","status":"publish","type":"page","link":"https:\/\/columbusmonaco.columbushotels.com\/de\/nachhaltigkeit\/","title":{"rendered":"Nachhaltigkeit"},"content":{"rendered":"<div id=\"pl-31180\"  class=\"panel-layout\" ><div id=\"pg-31180-0\"  class=\"panel-grid panel-no-style\" ><div id=\"pgc-31180-0-0\"  class=\"panel-grid-cell\" ><div id=\"panel-31180-0-0-0\" class=\"so-panel widget widget_sow-editor panel-first-child panel-last-child\" data-index=\"0\" ><div\n\t\t\t\n\t\t\tclass=\"so-widget-sow-editor so-widget-sow-editor-base\"\n\t\t\t\n\t\t>\n<div class=\"siteorigin-widget-tinymce textwidget\">\n\t<p>&nbsp;<\/p>\n<p style=\"text-align: center;\">Nachhaltige Entwicklung und nachhaltiges Reisen liegen uns im Columbus Monte-Carlo am Herzen. Als Unterzeichner des <a href=\"https:\/\/energy-transition.gouv.mc\/Energy-Transition\/National-Energy-Transition-Pact\">nationalen Energiewendepakts<\/a> verst\u00e4rken wir unsere Initiativen f\u00fcr den Planeten.<\/p>\n<p style=\"text-align: center;\">\n<p>&nbsp;<\/p>\n<p style=\"text-align: center;\">Hier sind einige Beispiele f\u00fcr gr\u00fcne Initiativen von Columbus Monte Carlo:<\/p>\n<\/div>\n<\/div><\/div><\/div><\/div><div id=\"pg-31180-1\"  class=\"panel-grid panel-no-style\" ><div id=\"pgc-31180-1-0\"  class=\"panel-grid-cell\" ><div id=\"panel-31180-1-0-0\" class=\"so-panel widget widget_sow-editor panel-first-child panel-last-child\" data-index=\"1\" ><div\n\t\t\t\n\t\t\tclass=\"so-widget-sow-editor so-widget-sow-editor-base\"\n\t\t\t\n\t\t>\n<div class=\"siteorigin-widget-tinymce textwidget\">\n\t<p>&nbsp;<\/p>\n<p style=\"text-align: center;\"><span lang=\"EN-GB\" style=\"color: #c28111;\">IN DEN ZIMMERN<\/span><\/p>\n<p>&nbsp;<\/p>\n<ul>\n<li style=\"text-align: left;\">In den Schlafzimmern und Badezimmern erinnern wir unsere G\u00e4ste, die Handt\u00fccher und die Bettw\u00e4sche nicht t\u00e4glich wechseln zu lassen.<\/li>\n<li style=\"text-align: left;\">Umweltfreundliche Zahn- und Rasiersets sind auf Anfrage erh\u00e4ltlich.<\/li>\n<li style=\"text-align: left;\">Recycling von Seifen mit der karitativen Organisation <span style=\"color: #c28111;\"><a style=\"color: #c28111;\" href=\"http:\/\/www.sapocycle.org\/\" target=\"_blank\" rel=\"noopener noreferrer\">SAPOCYCLE<\/a><\/span><\/li>\n<li style=\"text-align: left;\">100% nat\u00fcrliches kohlens\u00e4urehaltiges und stilles Mineralwasser von <span style=\"color: #c28111;\"><span style=\"color: #c28111;\"><a style=\"color: #c28111;\" href=\"https:\/\/www.ocean52.com\/products\/\" target=\"_blank\" rel=\"noopener noreferrer\">NO PLASTIC WATER\u00ae<\/a><\/span><\/span> in unseren Minibars<\/li>\n<\/ul>\n<\/div>\n<\/div><\/div><\/div><\/div><div id=\"pg-31180-2\"  class=\"panel-grid panel-no-style\" ><div id=\"pgc-31180-2-0\"  class=\"panel-grid-cell\" ><div id=\"panel-31180-2-0-0\" class=\"so-panel widget widget_sow-editor panel-first-child panel-last-child\" data-index=\"2\" ><div\n\t\t\t\n\t\t\tclass=\"so-widget-sow-editor so-widget-sow-editor-base\"\n\t\t\t\n\t\t>\n<div class=\"siteorigin-widget-tinymce textwidget\">\n\t<p>&nbsp;<\/p>\n<p style=\"text-align: center;\"><span lang=\"EN-GB\" style=\"color: #c28111;\">PLASTIKVERMEIDUNG &amp; RECYCLING<\/span><\/p>\n<p>&nbsp;<\/p>\n<p>Wir sind st\u00e4ndig bestrebt, die Verwendung von Einwegkunststoffen zu reduzieren. In \u00dcbereinstimmung mit den monegassischen Vorschriften verwenden wir schon lange an der Bar keine Plastikstrohhalme mehr und wir verwenden kein Einweg-Plastikgeschirr oder -besteck im Restaurant. Im Januar 2020 wurden alle individuellen Toilettenartikel durch Spender ersetzt. Unsere Glaswasserflaschen k\u00f6nnen zur\u00fcckgegeben werden. Plastikwasserflaschen in unseren Minibars wurden durch fast unbegrenzt recycelbare Aluminiumdosen ersetzt.<\/p>\n<p>&nbsp;<\/p>\n<p style=\"text-align: left;\">Es wird eine selektive M\u00fclltrennung durchgef\u00fchrt (Papier, Plastik, Gl\u00fchbirnen, Glasflaschen, Bioabf\u00e4lle in der K\u00fcche). Wir recyceln und sammeln auch Batterien und IT-Hardware. Columbus Monte-Carlo hat einen Verdichter f\u00fcr Kartons und versucht, diese wo immer m\u00f6glich mit unseren Lebensmittel- und Getr\u00e4nkelieferanten zu recyceln.<\/p>\n<p>&nbsp;<\/p>\n<p>Unser Restaurant Tavolo ist <span style=\"color: #c28111;\"><span style=\"color: #c28111;\"><a style=\"color: #c28111;\" href=\"https:\/\/www.cliiink.com\/\" target=\"_blank\" rel=\"noopener noreferrer\">CLIIINK<\/a><\/span><\/span> Partner (ein punktebasiertes Glasflaschenrecyclingprogramm) und bietet 10 % Erm\u00e4\u00dfigung auf ein Hauptgericht im Austausch f\u00fcr 40 Cliiink-Punkte.<\/p>\n<\/div>\n<\/div><\/div><\/div><\/div><div id=\"pg-31180-3\"  class=\"panel-grid panel-no-style\" ><div id=\"pgc-31180-3-0\"  class=\"panel-grid-cell\" ><div id=\"panel-31180-3-0-0\" class=\"so-panel widget widget_sow-editor panel-first-child panel-last-child\" data-index=\"3\" ><div\n\t\t\t\n\t\t\tclass=\"so-widget-sow-editor so-widget-sow-editor-base\"\n\t\t\t\n\t\t>\n<div class=\"siteorigin-widget-tinymce textwidget\">\n\t<p>&nbsp;<\/p>\n<p style=\"text-align: center;\"><span lang=\"EN-GB\" style=\"color: #c28111;\">REDUZIERUNG VON LEBENSMITTELVERSCHWENDUNG UND SAISONALIT\u00c4T<\/span><\/p>\n<p>&nbsp;<\/p>\n<p>Tavolo hat das Label \u201eEngagiertes Restaurant\u201c (<span style=\"color: #c28111;\"><span style=\"color: #c28111;\"><a style=\"color: #c28111;\" href=\"https:\/\/www.commerce-engage.com\/monaco\/\" target=\"_blank\" rel=\"noopener noreferrer\">RESTAURANT ENGAG\u00c9<\/a><\/span><\/span>) der F\u00fcrstlichen Regierung in Anerkennung unseres umweltbewussten Handelns und unseres Strebens nach weiteren Fortschritten erhalten. Tavolo setzt sich daf\u00fcr ein, lokale Lieferketten kurzzuschlie\u00dfen, Abfall zu reduzieren und zu recyceln sowie Lebensmittelverschwendung zu bek\u00e4mpfen.<\/p>\n<p>&nbsp;<\/p>\n<p>Alle Gerichte auf unserer Speisekarte werden aus frischen, regionalen und saisonalen Zutaten zubereitet, und Sie k\u00f6nnen nach Ihrer \u201ekleinen Schachtel\u201c\u00a0 (<span style=\"color: #c28111;\"><span style=\"color: #c28111;\"><a style=\"color: #c28111;\" href=\"https:\/\/www.contrelegaspillage.mc\/\" target=\"_blank\" rel=\"noopener noreferrer\">LA PETITE BOITE<\/a><\/span><\/span>) fragen oder sogar Ihren eigenen Beh\u00e4lter mitbringen, um mitzunehmen, was Sie nicht aufessen k\u00f6nnen! Wir sind st\u00e4ndig bestrebt, Lebensmittelverschwendung zu reduzieren, indem wir Portionsgr\u00f6\u00dfen und Men\u00fcs optimieren.<\/p>\n<p>&nbsp;<\/p>\n<p>Tavolo ist in Partnerschaft mit\u00a0 <span style=\"color: #c28111;\"><span style=\"color: #c28111;\"><a style=\"color: #c28111;\" href=\"https:\/\/www.mrgoodfish.com\/en\/\" target=\"_blank\" rel=\"noopener noreferrer\">MR. GOODFISH<\/a><\/span><\/span> und bietet wenn immer m\u00f6glich saisonale Fische in der richtigen Gr\u00f6\u00dfe und nur von Sorten an, die nicht \u00fcberfischt sind.<\/p>\n<\/div>\n<\/div><\/div><\/div><\/div><div id=\"pg-31180-4\"  class=\"panel-grid panel-no-style\" ><div id=\"pgc-31180-4-0\"  class=\"panel-grid-cell\" ><div id=\"panel-31180-4-0-0\" class=\"so-panel widget widget_sow-editor panel-first-child panel-last-child\" data-index=\"4\" ><div\n\t\t\t\n\t\t\tclass=\"so-widget-sow-editor so-widget-sow-editor-base\"\n\t\t\t\n\t\t>\n<div class=\"siteorigin-widget-tinymce textwidget\">\n\t<p>&nbsp;<\/p>\n<p style=\"text-align: center;\"><span lang=\"EN-GB\" style=\"color: #c28111;\">ENERGIE- UND STROMSPARINITIATIVEN<\/span><\/p>\n<p>&nbsp;<\/p>\n<p style=\"text-align: left;\">Since 2012, Columbus Monte-Carlo is a <span style=\"color: #c28111;\"><a style=\"color: #c28111;\" href=\"https:\/\/monecowatt.fr\/\" target=\"_blank\" rel=\"noopener noreferrer\">ECOWATT AMBASSADOR<\/a>\u00a0<\/span>in the PACA region. This means that we are engaged in this citizen-based eco initiative by reducing our electricity consumption following high-demand alert in the region Provence-Alpes-C\u00f4te d\u2019Azur.<\/p>\n<p>&nbsp;<\/p>\n<p>Alle 60-Watt-Gl\u00fchlampen wurden durch 11-Watt-Gl\u00fchbirnen ersetzt. Auf allen 9 Stockwerken und in den Gemeinschaftsbereichen wurden Bewegungsmelder angebracht und alle Spots in den Gemeinschaftsbereichen durch 6-Watt-LEDs ersetzt.<\/p>\n<p>&nbsp;<\/p>\n<p style=\"text-align: left;\">Columbus Monte-Carlo ist mit dem <span style=\"color: #c28111;\"><a style=\"color: #c28111;\" href=\"http:\/\/www.smeg.mc\/en\/who-are-we\/nos-activites\/chaud-froid-urbains\" target=\"_blank\" rel=\"noopener noreferrer\">SEAWERGIE<\/a> <\/span>-Netzwerk verbunden, einem der besten Beispiele f\u00fcr Monacos nachhaltige Entwicklungspolitik.<\/p>\n<p>&nbsp;<\/p>\n<p style=\"text-align: left;\">Die Energieerzeugungsanlage ist mit der Abfallbehandlungsanlage und einer unterirdischen Meerwasserpumpstation verbunden, die in den Deich von FontvieIlle eingebaut ist. Die Energie wird \u00fcber isolierte Netze zugef\u00fchrt, die unter der Stra\u00dfe installiert sind und die angeschlossenen Geb\u00e4ude erreichen.<\/p>\n<p>&nbsp;<\/p>\n<p style=\"text-align: left;\">Diese KWK-Anlage (Kraft-W\u00e4rme-Kopplung) erm\u00f6glicht es, Energie aus Abfall auf drei Arten zu recyceln, was als Trigeneration-Prinzip bezeichnet wird:<\/p>\n<ul style=\"text-align: left;\">\n<li>Strom, teilweise wieder ins Netz eingespeist<\/li>\n<li>Warmwassererzeugung zur Geb\u00e4udeheizung und f\u00fcr den h\u00e4uslichen Warmwasserbedarf. Bei der W\u00e4rmeerzeugung werden j\u00e4hrlich 6000 Tonnen CO2-Emissionen eingespart.<\/li>\n<li>K\u00fchlwasser, das \u00fcber ein K\u00fchlnetz zur K\u00fchlung von Geb\u00e4uden, Wohnungen und Fabriken des Dienstleistungssektors bereitgestellt wird.<\/li>\n<\/ul>\n<p style=\"text-align: left;\">Dank SEAWERGIE ist Monaco in der Lage, Energie aus Abfall in K\u00fchlwasser f\u00fcr die Stadt zu recyceln. Dies ist besonders im Sommer relevant, wenn sowohl die Abfallmenge als auch der K\u00fchlbedarf hoch sind. Dies hat zwei Hauptvorteile: Reduzierung des Stromverbrauchs und Bereitstellung von Energie, die aus lokalen Abf\u00e4llen gewonnen wird.<\/p>\n<p>&nbsp;<\/p>\n<p>Wir beteiligen uns an Energiesparveranstaltungen wie <span style=\"color: #c28111;\"><a style=\"color: #c28111;\" href=\"https:\/\/www.earthhour.org\/\" target=\"_blank\" rel=\"noopener noreferrer\">EARTH HOUR<\/a> <\/span>\u00a0und\u00a0<span style=\"color: #c28111;\"><a style=\"color: #c28111;\" href=\"https:\/\/www.digitalcleanupday.org\/\" target=\"_blank\" rel=\"noopener noreferrer\">DIGITAL CLEANUP DAY<\/a><\/span> .<\/p>\n<\/div>\n<\/div><\/div><\/div><\/div><div id=\"pg-31180-5\"  class=\"panel-grid panel-no-style\" ><div id=\"pgc-31180-5-0\"  class=\"panel-grid-cell\" ><div id=\"panel-31180-5-0-0\" class=\"so-panel widget widget_sow-editor panel-first-child panel-last-child\" data-index=\"5\" ><div\n\t\t\t\n\t\t\tclass=\"so-widget-sow-editor so-widget-sow-editor-base\"\n\t\t\t\n\t\t>\n<div class=\"siteorigin-widget-tinymce textwidget\">\n\t<p>&nbsp;<\/p>\n<p style=\"text-align: center;\"><span lang=\"EN-GB\" style=\"color: #c28111;\">WASSER<\/span><\/p>\n<ul>\n<li style=\"text-align: left;\">Installation von Antitropfarmaturen in den 181 Zimmern<\/li>\n<li style=\"text-align: left;\">Installation von Durchflussbegrenzern von Duschen und Wasserh\u00e4hnen, um eine Durchflussrate von nicht mehr als 8 l\/min zu erreichen<\/li>\n<li style=\"text-align: left;\">Installation von Wasserfont\u00e4nen f\u00fcr das Personal und in der Hotellobby, um Plastikflaschen zu beseitigen<\/li>\n<\/ul>\n<\/div>\n<\/div><\/div><\/div><\/div><div id=\"pg-31180-6\"  class=\"panel-grid panel-no-style\" ><div id=\"pgc-31180-6-0\"  class=\"panel-grid-cell\" ><div id=\"panel-31180-6-0-0\" class=\"so-panel widget widget_sow-editor panel-first-child panel-last-child\" data-index=\"6\" ><div\n\t\t\t\n\t\t\tclass=\"so-widget-sow-editor so-widget-sow-editor-base\"\n\t\t\t\n\t\t>\n<div class=\"siteorigin-widget-tinymce textwidget\">\n\t<p>&nbsp;<\/p>\n<p style=\"text-align: center;\"><span lang=\"EN-GB\" style=\"color: #c28111;\">MOBILIT\u00c4T<\/span><\/p>\n<p>&nbsp;<\/p>\n<ul>\n<li style=\"text-align: left;\">Wir ermutigen unsere Mitarbeiter, die Fahrgemeinschafts-App <a style=\"color: #c28111;\" href=\"https:\/\/www.klaxit.com\/\" target=\"_blank\" rel=\"noopener noreferrer\">KLAXIT<\/a> zu nutzen<\/li>\n<li style=\"text-align: left;\">Unserer G\u00e4ste und Mitarbeiter k\u00f6nnen die Umgebung einfach per E-Bike mit <a style=\"color: #c28111;\" href=\"https:\/\/monabike.mc\/\" target=\"_blank\" rel=\"noopener noreferrer\">MONABIKE <\/a>erkunden<\/li>\n<li style=\"text-align: left;\"><\/li>\n<\/ul>\n<\/div>\n<\/div><\/div><\/div><\/div><div id=\"pg-31180-7\"  class=\"panel-grid panel-no-style\" ><div id=\"pgc-31180-7-0\"  class=\"panel-grid-cell\" ><div id=\"panel-31180-7-0-0\" class=\"so-panel widget widget_sow-editor panel-first-child panel-last-child\" data-index=\"7\" ><div\n\t\t\t\n\t\t\tclass=\"so-widget-sow-editor so-widget-sow-editor-base\"\n\t\t\t\n\t\t>\n<div class=\"siteorigin-widget-tinymce textwidget\">\n\t<p>&nbsp;<\/p>\n<p style=\"text-align: center;\"><span style=\"color: #c28111;\">NACHHALTIGES REISEN\u00a0<\/span><\/p>\n<p>&nbsp;<\/p>\n<p style=\"text-align: left;\">Wir sind bei <span style=\"color: #c28111;\"><a style=\"color: #c28111;\" href=\"http:\/\/wayaj.com\/\" target=\"_blank\" rel=\"noopener noreferrer\">WAYAJ<\/a><\/span> gelistet, der ersten App, die entwickelt wurde, um nachhaltige und sozial verantwortliche Reiseziele auf der ganzen Welt zu entdecken und zu buchen.<\/p>\n<\/div>\n<\/div><\/div><\/div><\/div><div id=\"pg-31180-8\"  class=\"panel-grid panel-no-style\" ><div id=\"pgc-31180-8-0\"  class=\"panel-grid-cell\" ><div id=\"panel-31180-8-0-0\" class=\"so-panel widget widget_sow-editor panel-first-child panel-last-child\" data-index=\"8\" ><div\n\t\t\t\n\t\t\tclass=\"so-widget-sow-editor so-widget-sow-editor-base\"\n\t\t\t\n\t\t>\n<div class=\"siteorigin-widget-tinymce textwidget\">\n\t<p>&nbsp;<\/p>\n<p style=\"text-align: center;\"><span lang=\"EN-GB\" style=\"color: #c28111;\">ZUK\u00dcNFTIGE PROJEKTE<\/span><\/p>\n<p>&nbsp;<\/p>\n<ul>\n<li style=\"text-align: left;\">Kontinuierliche Schulung des Personals zur Abfalltrennung<\/li>\n<li style=\"text-align: left;\">Kontinuierliche Schulung der Mitarbeiter zu den Auswirkungen digitaler Technologien und Schaffung digitaler Best Practices<\/li>\n<li style=\"text-align: left;\">Unterzeichner der Global Tourism Plastics Initiative zu werden<\/li>\n<li style=\"text-align: left;\">Green globe Zertifizierung<\/li>\n<\/ul>\n<\/div>\n<\/div><\/div><\/div><\/div><div id=\"pg-31180-9\"  class=\"panel-grid panel-no-style\" ><div id=\"pgc-31180-9-0\"  class=\"panel-grid-cell\" ><div id=\"panel-31180-9-0-0\" class=\"so-panel widget widget_sow-image panel-first-child panel-last-child\" data-index=\"9\" ><div\n\t\t\t\n\t\t\tclass=\"so-widget-sow-image so-widget-sow-image-default-4e6925654b7a-31180\"\n\t\t\t\n\t\t>\n<div class=\"sow-image-container\">\n\t\t<img \n\tsrc=\"https:\/\/columbusmonaco.columbushotels.com\/wp-content\/uploads\/Tavolo_restaurant-engage.jpg\" width=\"600\" height=\"338\" srcset=\"https:\/\/columbusmonaco.columbushotels.com\/wp-content\/uploads\/Tavolo_restaurant-engage.jpg 600w, https:\/\/columbusmonaco.columbushotels.com\/wp-content\/uploads\/Tavolo_restaurant-engage-300x169.jpg 300w\" sizes=\"(max-width: 600px) 100vw, 600px\" title=\"Tavolo_restaurant-engag\u00e9\" alt=\"Tavolo_restaurant-engag\u00e9\" \t\tclass=\"so-widget-image\"\/>\n\t<\/div>\n\n<\/div><\/div><\/div><div id=\"pgc-31180-9-1\"  class=\"panel-grid-cell panel-grid-cell-mobile-last\" ><div id=\"panel-31180-9-1-0\" class=\"so-panel widget widget_sow-editor panel-first-child panel-last-child\" data-index=\"10\" ><div\n\t\t\t\n\t\t\tclass=\"so-widget-sow-editor so-widget-sow-editor-base\"\n\t\t\t\n\t\t>\n<div class=\"siteorigin-widget-tinymce textwidget\">\n\t<p style=\"text-align: center;\"><a href=\"https:\/\/www.tripadvisor.com\/\" target=\"_blank\" rel=\"noopener noreferrer\"><img decoding=\"async\" id=\"S_GREEN_LEADER_LOGO\" class=\"widGRNImg\" src=\"https:\/\/www.tripadvisor.com\/img\/cdsi\/langs\/awards\/GreenLeaders_Logo-17354-2.png\" alt=\"TripAdvisor\" \/><\/a><\/p>\n<\/div>\n<\/div><\/div><\/div><div id=\"pgc-31180-9-2\"  class=\"panel-grid-cell panel-grid-cell-empty\" ><\/div><\/div><\/div>","protected":false},"excerpt":{"rendered":"<p>&nbsp; Nachhaltige Entwicklung und nachhaltiges Reisen liegen uns im Columbus Monte-Carlo am Herzen. Als Unterzeichner des nationalen Energiewendepakts verst\u00e4rken wir unsere Initiativen f\u00fcr den Planeten. &nbsp; Hier sind einige [&hellip;]<\/p>\n","protected":false},"author":8,"featured_media":0,"parent":0,"menu_order":58,"comment_status":"closed","ping_status":"closed","template":"","meta":{"footnotes":""},"class_list":["post-31180","page","type-page","status-publish","hentry"],"yoast_head":"<!-- This site is optimized with the Yoast SEO plugin v27.3 - https:\/\/yoast.com\/product\/yoast-seo-wordpress\/ -->\n<title>Nachhaltigkeit - Columbus Monte-Carlo<\/title>\n<meta name=\"description\" content=\"Nachhaltigkeit liegt uns am Herzen - wir engagieren uns in der Plastik- und M\u00fcllvermeidung und reduzieren unseren Wasser- und Stromverbrauch.\" \/>\n<meta name=\"robots\" content=\"index, follow, max-snippet:-1, max-image-preview:large, max-video-preview:-1\" \/>\n<link rel=\"canonical\" href=\"https:\/\/mail.columbushotels.com\/de\/nachhaltigkeit\/\" \/>\n<meta property=\"og:locale\" content=\"de_DE\" \/>\n<meta property=\"og:type\" content=\"article\" \/>\n<meta property=\"og:title\" content=\"Nachhaltigkeit - Columbus Monte-Carlo\" \/>\n<meta property=\"og:description\" content=\"Nachhaltigkeit liegt uns am Herzen - wir engagieren uns in der Plastik- und M\u00fcllvermeidung und reduzieren unseren Wasser- und Stromverbrauch.\" \/>\n<meta property=\"og:url\" content=\"https:\/\/mail.columbushotels.com\/de\/nachhaltigkeit\/\" \/>\n<meta property=\"og:site_name\" content=\"Columbus Monte-Carlo\" \/>\n<meta property=\"article:publisher\" content=\"https:\/\/www.facebook.com\/ColumbusMonteCarlo\" \/>\n<meta property=\"article:modified_time\" content=\"2024-01-24T10:04:37+00:00\" \/>\n<meta property=\"og:image\" content=\"https:\/\/www.tripadvisor.com\/img\/cdsi\/langs\/awards\/GreenLeaders_Logo-17354-2.png\" \/>\n<meta name=\"twitter:label1\" content=\"Gesch\u00e4tzte Lesezeit\" \/>\n\t<meta name=\"twitter:data1\" content=\"4\u00a0Minuten\" \/>\n<!-- \/ Yoast SEO plugin. -->","yoast_head_json":{"title":"Nachhaltigkeit - Columbus Monte-Carlo","description":"Nachhaltigkeit liegt uns am Herzen - wir engagieren uns in der Plastik- und M\u00fcllvermeidung und reduzieren unseren Wasser- und Stromverbrauch.","robots":{"index":"index","follow":"follow","max-snippet":"max-snippet:-1","max-image-preview":"max-image-preview:large","max-video-preview":"max-video-preview:-1"},"canonical":"https:\/\/mail.columbushotels.com\/de\/nachhaltigkeit\/","og_locale":"de_DE","og_type":"article","og_title":"Nachhaltigkeit - Columbus Monte-Carlo","og_description":"Nachhaltigkeit liegt uns am Herzen - wir engagieren uns in der Plastik- und M\u00fcllvermeidung und reduzieren unseren Wasser- und Stromverbrauch.","og_url":"https:\/\/mail.columbushotels.com\/de\/nachhaltigkeit\/","og_site_name":"Columbus Monte-Carlo","article_publisher":"https:\/\/www.facebook.com\/ColumbusMonteCarlo","article_modified_time":"2024-01-24T10:04:37+00:00","og_image":[{"url":"https:\/\/www.tripadvisor.com\/img\/cdsi\/langs\/awards\/GreenLeaders_Logo-17354-2.png","type":"","width":"","height":""}],"twitter_misc":{"Gesch\u00e4tzte Lesezeit":"4\u00a0Minuten"},"schema":{"@context":"https:\/\/schema.org","@graph":[{"@type":"WebPage","@id":"https:\/\/mail.columbushotels.com\/de\/nachhaltigkeit\/","url":"https:\/\/mail.columbushotels.com\/de\/nachhaltigkeit\/","name":"Nachhaltigkeit - Columbus Monte-Carlo","isPartOf":{"@id":"https:\/\/mail.columbushotels.com\/it\/#website"},"primaryImageOfPage":{"@id":"https:\/\/mail.columbushotels.com\/de\/nachhaltigkeit\/#primaryimage"},"image":{"@id":"https:\/\/mail.columbushotels.com\/de\/nachhaltigkeit\/#primaryimage"},"thumbnailUrl":"https:\/\/www.tripadvisor.com\/img\/cdsi\/langs\/awards\/GreenLeaders_Logo-17354-2.png","datePublished":"2022-03-29T09:11:00+00:00","dateModified":"2024-01-24T10:04:37+00:00","description":"Nachhaltigkeit liegt uns am Herzen - wir engagieren uns in der Plastik- und M\u00fcllvermeidung und reduzieren unseren Wasser- und Stromverbrauch.","breadcrumb":{"@id":"https:\/\/mail.columbushotels.com\/de\/nachhaltigkeit\/#breadcrumb"},"inLanguage":"de","potentialAction":[{"@type":"ReadAction","target":["https:\/\/mail.columbushotels.com\/de\/nachhaltigkeit\/"]}]},{"@type":"ImageObject","inLanguage":"de","@id":"https:\/\/mail.columbushotels.com\/de\/nachhaltigkeit\/#primaryimage","url":"https:\/\/www.tripadvisor.com\/img\/cdsi\/langs\/awards\/GreenLeaders_Logo-17354-2.png","contentUrl":"https:\/\/www.tripadvisor.com\/img\/cdsi\/langs\/awards\/GreenLeaders_Logo-17354-2.png"},{"@type":"BreadcrumbList","@id":"https:\/\/mail.columbushotels.com\/de\/nachhaltigkeit\/#breadcrumb","itemListElement":[{"@type":"ListItem","position":1,"name":"Accueil","item":"https:\/\/www.columbusmonaco.com\/de\/"},{"@type":"ListItem","position":2,"name":"Nachhaltigkeit"}]},{"@type":"WebSite","@id":"https:\/\/mail.columbushotels.com\/it\/#website","url":"https:\/\/mail.columbushotels.com\/it\/","name":"Columbus Monte-Carlo","description":"","publisher":{"@id":"https:\/\/mail.columbushotels.com\/it\/#organization"},"potentialAction":[{"@type":"SearchAction","target":{"@type":"EntryPoint","urlTemplate":"https:\/\/mail.columbushotels.com\/it\/?s={search_term_string}"},"query-input":{"@type":"PropertyValueSpecification","valueRequired":true,"valueName":"search_term_string"}}],"inLanguage":"de"},{"@type":"Organization","@id":"https:\/\/mail.columbushotels.com\/it\/#organization","name":"Columbus Monte-Carlo","url":"https:\/\/mail.columbushotels.com\/it\/","logo":{"@type":"ImageObject","inLanguage":"de","@id":"https:\/\/mail.columbushotels.com\/it\/#\/schema\/logo\/image\/","url":"https:\/\/www.columbushotels.com\/wp-content\/uploads\/icon-tablette.png","contentUrl":"https:\/\/www.columbushotels.com\/wp-content\/uploads\/icon-tablette.png","width":144,"height":144,"caption":"Columbus Monte-Carlo"},"image":{"@id":"https:\/\/mail.columbushotels.com\/it\/#\/schema\/logo\/image\/"},"sameAs":["https:\/\/www.facebook.com\/ColumbusMonteCarlo","https:\/\/x.com\/ColumbusMC","https:\/\/www.instagram.com\/columbusmchotel","https:\/\/www.linkedin.com\/company\/1316137"]}]}},"_links":{"self":[{"href":"https:\/\/columbusmonaco.columbushotels.com\/de\/wp-json\/wp\/v2\/pages\/31180","targetHints":{"allow":["GET"]}}],"collection":[{"href":"https:\/\/columbusmonaco.columbushotels.com\/de\/wp-json\/wp\/v2\/pages"}],"about":[{"href":"https:\/\/columbusmonaco.columbushotels.com\/de\/wp-json\/wp\/v2\/types\/page"}],"author":[{"embeddable":true,"href":"https:\/\/columbusmonaco.columbushotels.com\/de\/wp-json\/wp\/v2\/users\/8"}],"replies":[{"embeddable":true,"href":"https:\/\/columbusmonaco.columbushotels.com\/de\/wp-json\/wp\/v2\/comments?post=31180"}],"version-history":[{"count":5,"href":"https:\/\/columbusmonaco.columbushotels.com\/de\/wp-json\/wp\/v2\/pages\/31180\/revisions"}],"predecessor-version":[{"id":39191,"href":"https:\/\/columbusmonaco.columbushotels.com\/de\/wp-json\/wp\/v2\/pages\/31180\/revisions\/39191"}],"wp:attachment":[{"href":"https:\/\/columbusmonaco.columbushotels.com\/de\/wp-json\/wp\/v2\/media?parent=31180"}],"curies":[{"name":"wp","href":"https:\/\/api.w.org\/{rel}","templated":true}]}}